{"id":94,"date":"2023-04-16T07:04:21","date_gmt":"2023-04-16T07:04:21","guid":{"rendered":"https:\/\/kauneushoivaamo.fi\/?page_id=94"},"modified":"2025-09-07T11:15:49","modified_gmt":"2025-09-07T11:15:49","slug":"vartalolle","status":"publish","type":"page","link":"https:\/\/kauneushoivaamo.fi\/index.php\/vartalolle\/","title":{"rendered":"Vartalolle"},"content":{"rendered":"\n<div class=\"wp-block-columns is-layout-flex wp-container-3\">\n<div class=\"wp-block-column is-layout-flow\">\n<h5 class=\"wp-block-heading\">Depilaatiot&nbsp;sokerilla<\/h5>\n\n\n\n<p><strong>S\u00e4\u00e4ret\u00a0<\/strong>37 \u20ac<br><strong>S\u00e4\u00e4ret ja reidet<\/strong>\u00a068 \u20ac<br><strong>Kainalot<\/strong>\u00a021 \u20ac<br><strong>Bikiniraja<\/strong>\u00a030 \u20ac<br><strong>Kainalot ja bikiniraja<\/strong>\u00a046 \u20ac<br><strong>S\u00e4\u00e4ret, kainalot ja bikiniraja<\/strong>\u00a080 \u20ac<br><strong>Brassi\u00a0(naisille)<\/strong>\u00a079 \u20ac<br><strong>K\u00e4sivarret <\/strong>34\u00a0\u20ac<br><strong>Rinta\/selk\u00e4<\/strong>\u00a037 \u20ac\/alue<br><strong>Yl\u00e4huuli + leuka<\/strong>\u00a017 \u20ac<br><strong>Kasvot\u00a0<\/strong>21 \u20ac<br><strong>Kulmakarvat\u00a0<\/strong>15 \u20ac<\/p>\n\n\n\n<div style=\"height:30px\" aria-hidden=\"true\" class=\"wp-block-spacer\"><\/div>\n\n\n\n<p><\/p>\n\n\n\n<figure class=\"wp-block-image size-medium is-resized\"><img decoding=\"async\" loading=\"lazy\" src=\"https:\/\/kauneushoivaamo.fi\/wp-content\/uploads\/2023\/04\/nettiin3-1-300x200.jpg\" alt=\"\" class=\"wp-image-96\" width=\"356\" height=\"237\" srcset=\"https:\/\/kauneushoivaamo.fi\/wp-content\/uploads\/2023\/04\/nettiin3-1-300x200.jpg 300w, https:\/\/kauneushoivaamo.fi\/wp-content\/uploads\/2023\/04\/nettiin3-1-768x512.jpg 768w, https:\/\/kauneushoivaamo.fi\/wp-content\/uploads\/2023\/04\/nettiin3-1.jpg 960w\" sizes=\"(max-width: 356px) 100vw, 356px\" \/><\/figure>\n<\/div>\n\n\n\n<div class=\"wp-block-column is-layout-flow\"><div class=\"wp-block-image\">\n<figure class=\"aligncenter size-full is-resized\"><img decoding=\"async\" loading=\"lazy\" src=\"https:\/\/kauneushoivaamo.fi\/wp-content\/uploads\/2023\/04\/nettiin7-1.jpg\" alt=\"\" class=\"wp-image-95\" width=\"377\" height=\"282\" srcset=\"https:\/\/kauneushoivaamo.fi\/wp-content\/uploads\/2023\/04\/nettiin7-1.jpg 960w, https:\/\/kauneushoivaamo.fi\/wp-content\/uploads\/2023\/04\/nettiin7-1-300x225.jpg 300w, https:\/\/kauneushoivaamo.fi\/wp-content\/uploads\/2023\/04\/nettiin7-1-768x576.jpg 768w\" sizes=\"(max-width: 377px) 100vw, 377px\" \/><\/figure><\/div>\n\n\n<div style=\"height:50px\" aria-hidden=\"true\" class=\"wp-block-spacer\"><\/div>\n\n\n\n<h5 class=\"wp-block-heading\">Kuumakivihieronta 60 min \u00bb 73 \u20ac, 90 min \u00bb 89 \u20ac<\/h5>\n\n\n\n<p>Kuumakivihieronta (Hot stone massage) on voimakkaasti stressi\u00e4 laukaiseva, syv\u00e4rentouttava, energisoiva ja puhdistava hoito. Kuumakivihieronta vilkastuttaa verenkiertoa ja lis\u00e4\u00e4 hapen ja ravinteiden kulkua kehossa. Samalla se elvytt\u00e4\u00e4 aineenvaihduntaa ja poistaa kuona-aineita. L\u00e4mp\u00f6 rentouttaa lihaksia ja vaikuttaa autonomisen hermoston toimintaan. L\u00e4mm\u00f6n ja hieronnan yhteisvaikutuksesta hieronta laukaisee lihasj\u00e4nnityksi\u00e4 ja rentouttaa niin kehoa kuin mielt\u00e4kin tehokkaasti.<\/p>\n\n\n\n<h5 class=\"wp-block-heading\">Hoivaamon hemmotteluhoito 75 min \u00bb 89 \u20ac<\/h5>\n\n\n\n<p>Vartalokuorinta, kokovartalohieronta, k\u00e4si- ja jalkaparafiinit. Vaihtoehtoina ovat hedelm\u00e4inen tai tuoksuton vaihtoehto.<\/p>\n<\/div>\n<\/div>\n","protected":false},"excerpt":{"rendered":"<p>Depilaatiot&nbsp;sokerilla S\u00e4\u00e4ret\u00a037 \u20acS\u00e4\u00e4ret ja reidet\u00a068 \u20acKainalot\u00a021 \u20acBikiniraja\u00a030 \u20acKainalot ja bikiniraja\u00a046 \u20acS\u00e4\u00e4ret, kainalot ja bikiniraja\u00a080 \u20acBrassi\u00a0(naisille)\u00a079 \u20acK\u00e4sivarret 34\u00a0\u20acRinta\/selk\u00e4\u00a037 \u20ac\/alueYl\u00e4huuli + leuka\u00a017 \u20acKasvot\u00a021 \u20acKulmakarvat\u00a015 \u20ac Kuumakivihieronta 60 min \u00bb 73 \u20ac, 90 min \u00bb 89 \u20ac Kuumakivihieronta (Hot stone massage) on voimakkaasti stressi\u00e4 laukaiseva, syv\u00e4rentouttava, energisoiva ja puhdistava hoito. Kuumakivihieronta vilkastuttaa verenkiertoa ja lis\u00e4\u00e4 hapen ja ravinteiden kulkua kehossa. Samalla se elvytt\u00e4\u00e4 aineenvaihduntaa ja poistaa kuona-aineita. L\u00e4mp\u00f6 rentouttaa lihaksia ja vaikuttaa autonomisen hermoston toimintaan. L\u00e4mm\u00f6n ja hieronnan yhteisvaikutuksesta hieronta laukaisee lihasj\u00e4nnityksi\u00e4 ja rentouttaa niin kehoa kuin mielt\u00e4kin tehokkaasti. Hoivaamon hemmotteluhoito 75 min \u00bb 89 \u20ac Vartalokuorinta, kokovartalohieronta, k\u00e4si- ja jalkaparafiinit. Vaihtoehtoina ovat hedelm\u00e4inen tai tuoksuton vaihtoehto.<\/p>\n","protected":false},"author":1,"featured_media":0,"parent":0,"menu_order":0,"comment_status":"closed","ping_status":"closed","template":"","meta":[],"acf":[],"_links":{"self":[{"href":"https:\/\/kauneushoivaamo.fi\/index.php\/wp-json\/wp\/v2\/pages\/94"}],"collection":[{"href":"https:\/\/kauneushoivaamo.fi\/index.php\/wp-json\/wp\/v2\/pages"}],"about":[{"href":"https:\/\/kauneushoivaamo.fi\/index.php\/wp-json\/wp\/v2\/types\/page"}],"author":[{"embeddable":true,"href":"https:\/\/kauneushoivaamo.fi\/index.php\/wp-json\/wp\/v2\/users\/1"}],"replies":[{"embeddable":true,"href":"https:\/\/kauneushoivaamo.fi\/index.php\/wp-json\/wp\/v2\/comments?post=94"}],"version-history":[{"count":15,"href":"https:\/\/kauneushoivaamo.fi\/index.php\/wp-json\/wp\/v2\/pages\/94\/revisions"}],"predecessor-version":[{"id":178,"href":"https:\/\/kauneushoivaamo.fi\/index.php\/wp-json\/wp\/v2\/pages\/94\/revisions\/178"}],"wp:attachment":[{"href":"https:\/\/kauneushoivaamo.fi\/index.php\/wp-json\/wp\/v2\/media?parent=94"}],"curies":[{"name":"wp","href":"https:\/\/api.w.org\/{rel}","templated":true}]}}