{"id":75,"date":"2023-04-16T06:40:30","date_gmt":"2023-04-16T06:40:30","guid":{"rendered":"https:\/\/kauneushoivaamo.fi\/?page_id=75"},"modified":"2025-09-07T11:14:56","modified_gmt":"2025-09-07T11:14:56","slug":"kasvoille","status":"publish","type":"page","link":"https:\/\/kauneushoivaamo.fi\/index.php\/kasvoille\/","title":{"rendered":"Kasvoille"},"content":{"rendered":"\n<div class=\"wp-block-columns is-layout-flex wp-container-3\">\n<div class=\"wp-block-column is-layout-flow\">\n<figure class=\"wp-block-image size-full\"><img decoding=\"async\" loading=\"lazy\" width=\"367\" height=\"346\" src=\"https:\/\/kauneushoivaamo.fi\/wp-content\/uploads\/2023\/04\/nettiin8-1.jpg\" alt=\"\" class=\"wp-image-76\" srcset=\"https:\/\/kauneushoivaamo.fi\/wp-content\/uploads\/2023\/04\/nettiin8-1.jpg 367w, https:\/\/kauneushoivaamo.fi\/wp-content\/uploads\/2023\/04\/nettiin8-1-300x283.jpg 300w\" sizes=\"(max-width: 367px) 100vw, 367px\" \/><\/figure>\n<\/div>\n\n\n\n<div class=\"wp-block-column is-layout-flow\">\n<h6 class=\"wp-block-heading\">Ultra\u00e4\u00e4nipuhdistus 50 min \u00bb 63 \u20ac<\/h6>\n\n\n\n<p>sarjahoitona 4x50min \u00bb 225 \u20ac<\/p>\n\n\n\n<p>Hell\u00e4varainen hoito, joka syv\u00e4puhdistaa, poistaa ep\u00e4puhtauksia sek\u00e4 kirkastaa ihoa \u00e4rsytt\u00e4m\u00e4tt\u00e4. Hoito sis\u00e4lt\u00e4\u00e4 alkupuhdistuksen, kuorinnan, ultra\u00e4\u00e4nipuhdistuksen, naamion sek\u00e4 hoitovoiteen.<\/p>\n\n\n\n<h6 class=\"wp-block-heading\">Timanttihionta&nbsp;50 min \u00bb 63 \u20ac<\/h6>\n\n\n\n<p>sarjahoitona 4x50min \u00bb 225 \u20ac<\/p>\n\n\n\n<p>Timanttihionnassa ihon kuollut pintasolukko poistetaan kivuttomasti mutta tehokkaasti. Iho puhdistuu, pehmenee, kirkastuu ja vastaanottaa paremmin hoitotuotteiden vaikuttavat ainesosat. Hoito soveltuu aikuiselle iholle ja kaikille ihotyypeille. Hoitoon kuuluu alkupuhdistus, timanttihionta, naamio ja hoitovoide.<\/p>\n<\/div>\n<\/div>\n\n\n\n<div class=\"wp-block-columns is-layout-flex wp-container-6\">\n<div class=\"wp-block-column is-layout-flow\">\n<h6 class=\"wp-block-heading\">Hoivaamon helahoito 150 min \u00bb 142 \u20ac<\/h6>\n\n\n\n<p>Tarjoaa mainion tilaisuuden tulla hemmoteltavaksi p\u00e4\u00e4st\u00e4 kantap\u00e4ihin! Helahoidossa hoidetaan sek\u00e4 kasvot ett\u00e4 jalat ja lis\u00e4ksi k\u00e4sille tehd\u00e4\u00e4n hieronta. Nautiskelijalle mainio kokonaisuus! Helahoitoon kuuluvat kiinteytt\u00e4v\u00e4 kultakasvohoito (pintapuhdistus, entsyymikuorinta, kasvohieronta kultanaamiolla, kultaseerumi, merilev\u00e4naamio ja hoitovoide), jalkahoito (jalkojen kylvetys, kovettumien poisto, ihon raspaus, kynsien siistiminen ja lyhennys, jalkahieronta) sek\u00e4 k\u00e4sihieronta.<\/p>\n\n\n\n<h6 class=\"wp-block-heading\">Kirkastava timanttihoito 75 min \u00bb 90 \u20ac<\/h6>\n\n\n\n<p>Tehokasvohoito pintakuivalle ja\/tai ep\u00e4puhtaalle iholle. Kivuton timanttihionta puhdistaa, pehment\u00e4\u00e4 ja kirkastaa auttaen ihoa vastaanottamaan paremmin hoitotuotteiden vaikuttavat ainesosat. Hoitoon sis\u00e4ltyy alkupuhdistus, kasvojen ja kaulan alueen timanttihionta, (tarvittaessa mekaaninen ihonpuhdistus,) kasvohieronta, elastinen naamio, rauhoittava seerumi sek\u00e4 hoitovoide.<\/p>\n\n\n\n<h6 class=\"wp-block-heading\">Heleytt\u00e4v\u00e4 kristallihoito&nbsp;60 min \u00bb 80 \u20ac<\/h6>\n\n\n\n<p>Ihoa silottava ja kosteuttava kasvohoito aikuiselle iholle. Hoito sis\u00e4lt\u00e4\u00e4 alkupuhdistuksen, entsymaattisen kuorinnan, kasvohieronnan, kiinteytt\u00e4v\u00e4n naamion, heleytt\u00e4v\u00e4n eliksiirin sek\u00e4 silottavan kasvovoiteen kirkastavilla peptideill\u00e4.<\/p>\n\n\n\n<h6 class=\"wp-block-heading\">Kiinteytt\u00e4v\u00e4 kultahoito&nbsp;60 min \u00bb 80 \u20ac<\/h6>\n\n\n\n<p>Kultahoito tarjoaa ripauksen ylellisyytt\u00e4 aikuiselle iholle! Se kiinteytt\u00e4\u00e4 ja heleytt\u00e4\u00e4 v\u00e4synytt\u00e4 ihoa sek\u00e4 edist\u00e4\u00e4 ihon aineenvaihduntaa. Hoito soveltuu herkimm\u00e4llekin iholle. Hoitoon kuuluu pintapuhdistus, kuorinta, kiinteytt\u00e4v\u00e4 kultanaamio, kasvohieronta, kultaseerumi, merilev\u00e4kultanaamio sek\u00e4 ihoa uudistava kultavoide.<\/p>\n\n\n\n<h6 class=\"wp-block-heading\">Rauhoittava shamppanjahoito&nbsp;60 min \u00bb 80 \u20ac<\/h6>\n\n\n\n<p>Herk\u00e4lle iholle soveltuva vahvistava ja rauhoittava hoito. Hoito sis\u00e4lt\u00e4\u00e4 alkupuhdistuksen, shamppanja-kuorinnan, kasvohieronnan sek\u00e4 helmi\u00e4isuutenaamion, rauhoittavan seerumin ja hoitovoiteen.<\/p>\n\n\n\n<h6 class=\"wp-block-heading\">Syv\u00e4puhdistava kasvohoito&nbsp;60 min \u00bb 72 \u20ac<\/h6>\n\n\n\n<p>Hoito ep\u00e4puhtauksia sis\u00e4lt\u00e4v\u00e4lle iholle. Hoitoon sis\u00e4ltyy alkupuhdistus, kuorinta, h\u00f6yrytys, ihon mekaaninen syv\u00e4puhdistus, ihoa rauhoittava naamio ja hoitovoide.<\/p>\n<\/div>\n\n\n\n<div class=\"wp-block-column is-layout-flow\">\n<figure class=\"wp-block-image alignfull size-full\"><img decoding=\"async\" loading=\"lazy\" width=\"300\" height=\"120\" src=\"https:\/\/kauneushoivaamo.fi\/wp-content\/uploads\/2023\/04\/beautiful-model-applying-cosmetic-cream-treatment-her-face-white-300x120-1.jpg\" alt=\"\" class=\"wp-image-79\"\/><\/figure>\n\n\n\n<h6 class=\"wp-block-heading\">Kestov\u00e4rj\u00e4ykset<\/h6>\n\n\n\n<p><strong>Kestov\u00e4ri kulmille, kulmien muotoilu 20 \u20ac<\/strong><\/p>\n\n\n\n<ul>\n<li>Kasvohoidon yhteydess\u00e4 13 \u20ac<\/li>\n<\/ul>\n\n\n\n<p><strong>Kestov\u00e4ri ripsille\u00a020 \u20ac<\/strong><\/p>\n\n\n\n<ul>\n<li>Kasvohoidon yhteydess\u00e4 13 \u20ac<\/li>\n<\/ul>\n\n\n\n<p><strong>Kestov\u00e4ri ripsille ja kulmille, kulmien muotoilu\u00a032\u20ac<\/strong><\/p>\n\n\n\n<ul>\n<li>Kasvohoidon yhteydess\u00e4 23 \u20ac<\/li>\n<\/ul>\n\n\n\n<p><strong>Kulmakarvojen muotoilu&nbsp;11 \u20ac<\/strong><\/p>\n\n\n\n<h6 class=\"wp-block-heading\">Ripsien kestotaivutus ja -v\u00e4rj\u00e4ys&nbsp;\u00bb 60 \u20ac<\/h6>\n\n\n\n<p>Mainio vaihtoehto ripsipidennyksille. Omat ripset taivutetaan muottien avulla ripsien kestotaivutusaineilla kauniin kaareviksi. Palveluun sis\u00e4ltyy my\u00f6s ripsien kestov\u00e4rj\u00e4ys.<\/p>\n\n\n\n<h6 class=\"wp-block-heading\">Kulmien laminointi ja kestov\u00e4rj\u00e4ys&nbsp;\u00bb 50 \u20ac<\/h6>\n\n\n\n<p>Laminoinnissa kulmakarvat asetellaan haluttuun muotoon ja k\u00e4sitell\u00e4\u00e4n kulmien laminointiaineilla. N\u00e4in ne saadaan pysym\u00e4\u00e4n halutussa muodossa ja n\u00e4ytt\u00e4m\u00e4\u00e4n tuuheammilta. Palveluun kuuluu my\u00f6s kulmien kestov\u00e4rj\u00e4ys.<\/p>\n\n\n\n<h6 class=\"wp-block-heading\">Ripsien kestotaivutus ja kulmien laminointi \u00bb 99 \u20ac<\/h6>\n\n\n\n<p>Yhteishinta sis\u00e4lt\u00e4en kestov\u00e4rj\u00e4ykset kulmille ja ripsille<\/p>\n<\/div>\n<\/div>\n","protected":false},"excerpt":{"rendered":"<p>Ultra\u00e4\u00e4nipuhdistus 50 min \u00bb 63 \u20ac sarjahoitona 4x50min \u00bb 225 \u20ac Hell\u00e4varainen hoito, joka syv\u00e4puhdistaa, poistaa ep\u00e4puhtauksia sek\u00e4 kirkastaa ihoa \u00e4rsytt\u00e4m\u00e4tt\u00e4. Hoito sis\u00e4lt\u00e4\u00e4 alkupuhdistuksen, kuorinnan, ultra\u00e4\u00e4nipuhdistuksen, naamion sek\u00e4 hoitovoiteen. Timanttihionta&nbsp;50 min \u00bb 63 \u20ac sarjahoitona 4x50min \u00bb 225 \u20ac Timanttihionnassa ihon kuollut pintasolukko poistetaan kivuttomasti mutta tehokkaasti. Iho puhdistuu, pehmenee, kirkastuu ja vastaanottaa paremmin hoitotuotteiden vaikuttavat ainesosat. Hoito soveltuu aikuiselle iholle ja kaikille ihotyypeille. Hoitoon kuuluu alkupuhdistus, timanttihionta, naamio ja hoitovoide. Hoivaamon helahoito 150 min \u00bb 142 \u20ac Tarjoaa mainion tilaisuuden tulla hemmoteltavaksi p\u00e4\u00e4st\u00e4 kantap\u00e4ihin! Helahoidossa hoidetaan sek\u00e4 kasvot ett\u00e4 jalat ja lis\u00e4ksi k\u00e4sille tehd\u00e4\u00e4n hieronta. Nautiskelijalle mainio kokonaisuus! Helahoitoon kuuluvat kiinteytt\u00e4v\u00e4 kultakasvohoito (pintapuhdistus, entsyymikuorinta, kasvohieronta kultanaamiolla, kultaseerumi, merilev\u00e4naamio ja hoitovoide), jalkahoito (jalkojen kylvetys, kovettumien poisto, ihon raspaus, kynsien siistiminen ja lyhennys, jalkahieronta) sek\u00e4 k\u00e4sihieronta. Kirkastava timanttihoito 75 min \u00bb 90 \u20ac Tehokasvohoito pintakuivalle ja\/tai ep\u00e4puhtaalle iholle. Kivuton timanttihionta puhdistaa, pehment\u00e4\u00e4 ja kirkastaa auttaen ihoa vastaanottamaan paremmin hoitotuotteiden vaikuttavat ainesosat. Hoitoon sis\u00e4ltyy alkupuhdistus, kasvojen ja kaulan alueen timanttihionta, (tarvittaessa mekaaninen ihonpuhdistus,) kasvohieronta, elastinen naamio, rauhoittava seerumi sek\u00e4 hoitovoide. Heleytt\u00e4v\u00e4 kristallihoito&nbsp;60 min \u00bb 80 \u20ac Ihoa silottava ja kosteuttava kasvohoito aikuiselle iholle. Hoito sis\u00e4lt\u00e4\u00e4 alkupuhdistuksen, entsymaattisen kuorinnan, kasvohieronnan, kiinteytt\u00e4v\u00e4n naamion, heleytt\u00e4v\u00e4n eliksiirin sek\u00e4 silottavan kasvovoiteen kirkastavilla peptideill\u00e4. Kiinteytt\u00e4v\u00e4 kultahoito&nbsp;60 min \u00bb 80 \u20ac Kultahoito tarjoaa ripauksen ylellisyytt\u00e4 aikuiselle iholle! Se kiinteytt\u00e4\u00e4 ja heleytt\u00e4\u00e4 v\u00e4synytt\u00e4 ihoa sek\u00e4 edist\u00e4\u00e4 ihon aineenvaihduntaa. Hoito soveltuu herkimm\u00e4llekin iholle. Hoitoon kuuluu pintapuhdistus, kuorinta, kiinteytt\u00e4v\u00e4 kultanaamio, kasvohieronta, kultaseerumi, merilev\u00e4kultanaamio sek\u00e4 ihoa uudistava kultavoide. Rauhoittava shamppanjahoito&nbsp;60 min \u00bb 80 \u20ac Herk\u00e4lle iholle soveltuva vahvistava ja rauhoittava hoito. Hoito sis\u00e4lt\u00e4\u00e4 alkupuhdistuksen, shamppanja-kuorinnan, kasvohieronnan sek\u00e4 helmi\u00e4isuutenaamion, rauhoittavan seerumin ja hoitovoiteen. Syv\u00e4puhdistava kasvohoito&nbsp;60 min \u00bb 72 \u20ac Hoito ep\u00e4puhtauksia sis\u00e4lt\u00e4v\u00e4lle iholle. Hoitoon sis\u00e4ltyy alkupuhdistus, kuorinta, h\u00f6yrytys, ihon mekaaninen syv\u00e4puhdistus, ihoa rauhoittava naamio ja hoitovoide. Kestov\u00e4rj\u00e4ykset Kestov\u00e4ri kulmille, kulmien muotoilu 20 \u20ac Kestov\u00e4ri ripsille\u00a020 \u20ac Kestov\u00e4ri ripsille ja kulmille, kulmien muotoilu\u00a032\u20ac Kulmakarvojen muotoilu&nbsp;11 \u20ac Ripsien kestotaivutus ja -v\u00e4rj\u00e4ys&nbsp;\u00bb 60 \u20ac Mainio vaihtoehto ripsipidennyksille. Omat ripset taivutetaan muottien avulla ripsien kestotaivutusaineilla kauniin kaareviksi. Palveluun sis\u00e4ltyy my\u00f6s ripsien kestov\u00e4rj\u00e4ys. Kulmien laminointi ja kestov\u00e4rj\u00e4ys&nbsp;\u00bb 50 \u20ac Laminoinnissa kulmakarvat asetellaan haluttuun muotoon ja k\u00e4sitell\u00e4\u00e4n kulmien laminointiaineilla. N\u00e4in ne saadaan pysym\u00e4\u00e4n halutussa muodossa ja n\u00e4ytt\u00e4m\u00e4\u00e4n tuuheammilta. Palveluun kuuluu my\u00f6s kulmien kestov\u00e4rj\u00e4ys. Ripsien kestotaivutus ja kulmien laminointi \u00bb 99 \u20ac Yhteishinta sis\u00e4lt\u00e4en kestov\u00e4rj\u00e4ykset kulmille ja ripsille<\/p>\n","protected":false},"author":1,"featured_media":0,"parent":0,"menu_order":0,"comment_status":"closed","ping_status":"closed","template":"","meta":[],"acf":[],"_links":{"self":[{"href":"https:\/\/kauneushoivaamo.fi\/index.php\/wp-json\/wp\/v2\/pages\/75"}],"collection":[{"href":"https:\/\/kauneushoivaamo.fi\/index.php\/wp-json\/wp\/v2\/pages"}],"about":[{"href":"https:\/\/kauneushoivaamo.fi\/index.php\/wp-json\/wp\/v2\/types\/page"}],"author":[{"embeddable":true,"href":"https:\/\/kauneushoivaamo.fi\/index.php\/wp-json\/wp\/v2\/users\/1"}],"replies":[{"embeddable":true,"href":"https:\/\/kauneushoivaamo.fi\/index.php\/wp-json\/wp\/v2\/comments?post=75"}],"version-history":[{"count":8,"href":"https:\/\/kauneushoivaamo.fi\/index.php\/wp-json\/wp\/v2\/pages\/75\/revisions"}],"predecessor-version":[{"id":177,"href":"https:\/\/kauneushoivaamo.fi\/index.php\/wp-json\/wp\/v2\/pages\/75\/revisions\/177"}],"wp:attachment":[{"href":"https:\/\/kauneushoivaamo.fi\/index.php\/wp-json\/wp\/v2\/media?parent=75"}],"curies":[{"name":"wp","href":"https:\/\/api.w.org\/{rel}","templated":true}]}}